{"id":1020,"date":"2025-10-05T20:00:00","date_gmt":"2025-10-05T18:00:00","guid":{"rendered":"http:\/\/naturfreunde-stockach.de\/?page_id=1020"},"modified":"2025-10-05T20:14:19","modified_gmt":"2025-10-05T18:14:19","slug":"anmeldung-jugendfreizeit","status":"publish","type":"page","link":"https:\/\/naturfreunde-stockach.de\/index.php\/anmeldung\/anmeldung-jugendfreizeit\/","title":{"rendered":"Anmeldung Jugendfreizeit"},"content":{"rendered":"\n<p class=\"has-medium-font-size\">Du erh\u00e4ltst direkt nach deiner Anmeldung eine Eingangsbest\u00e4tigung per Mail. Diese dient noch nicht als Anmeldebst\u00e4tigung, diese kommt in den n\u00e4chsten 5 Tagen per E-Mail vom Verantwortlichen f\u00fcr die Freizeit.<\/p>\n\n\n\n<ul class=\"wp-block-list\">\n<li>Treten technische Probleme bei der Anmeldung auf bitte meldet Euch bei <a href=\"mailto:sebastian.fritschi@naturfreunde-stockach.de\">sebastian.fritschi(at)naturfreunde-stockach.de<\/a><\/li>\n\n\n\n<li><a rel=\"noreferrer noopener\" href=\"https:\/\/naturfreunde-stockach.de\/index.php\/haftungsausschluss\/\" target=\"_blank\">Haftungsausschluss <\/a><\/li>\n<\/ul>\n\n\n\n<div class=\"wpcf7 no-js\" id=\"wpcf7-f1019-o1\" lang=\"de-DE\" dir=\"ltr\" data-wpcf7-id=\"1019\">\n<div class=\"screen-reader-response\"><p role=\"status\" aria-live=\"polite\" aria-atomic=\"true\"><\/p> <ul><\/ul><\/div>\n<form action=\"\/index.php\/wp-json\/wp\/v2\/pages\/1020#wpcf7-f1019-o1\" method=\"post\" class=\"wpcf7-form init\" aria-label=\"Kontaktformular\" novalidate=\"novalidate\" data-status=\"init\">\n<div style=\"display: none;\">\n<input type=\"hidden\" name=\"_wpcf7\" value=\"1019\" \/>\n<input type=\"hidden\" name=\"_wpcf7_version\" value=\"6.0.1\" \/>\n<input type=\"hidden\" name=\"_wpcf7_locale\" value=\"de_DE\" \/>\n<input type=\"hidden\" name=\"_wpcf7_unit_tag\" value=\"wpcf7-f1019-o1\" \/>\n<input type=\"hidden\" name=\"_wpcf7_container_post\" value=\"0\" \/>\n<input type=\"hidden\" name=\"_wpcf7_posted_data_hash\" value=\"\" \/>\n<input type=\"hidden\" name=\"_wpcf7cf_hidden_group_fields\" value=\"[]\" \/>\n<input type=\"hidden\" name=\"_wpcf7cf_hidden_groups\" value=\"[]\" \/>\n<input type=\"hidden\" name=\"_wpcf7cf_visible_groups\" value=\"[]\" \/>\n<input type=\"hidden\" name=\"_wpcf7cf_repeaters\" value=\"[]\" \/>\n<input type=\"hidden\" name=\"_wpcf7cf_steps\" value=\"{}\" \/>\n<input type=\"hidden\" name=\"_wpcf7cf_options\" value=\"{&quot;form_id&quot;:1019,&quot;conditions&quot;:[],&quot;settings&quot;:{&quot;animation&quot;:&quot;yes&quot;,&quot;animation_intime&quot;:200,&quot;animation_outtime&quot;:200,&quot;conditions_ui&quot;:&quot;normal&quot;,&quot;notice_dismissed&quot;:false,&quot;notice_dismissed_rollback-cf7-5.7.2&quot;:true,&quot;notice_dismissed_rollback-cf7-5.8.1&quot;:true}}\" \/>\n<\/div>\n<p>Name*, Vorname*\n<\/p>\n<p><span class=\"wpcf7-form-control-wrap\" data-name=\"Name\"><input size=\"20\" maxlength=\"40\" class=\"wpcf7-form-control wpcf7-text wpcf7-validates-as-required\" aria-required=\"true\" aria-invalid=\"false\" value=\"\" type=\"text\" name=\"Name\" \/><\/span><span class=\"wpcf7-form-control-wrap\" data-name=\"Vorname\"><input size=\"20\" maxlength=\"40\" class=\"wpcf7-form-control wpcf7-text wpcf7-validates-as-required\" aria-required=\"true\" aria-invalid=\"false\" value=\"\" type=\"text\" name=\"Vorname\" \/><\/span>\n<\/p>\n<p>Stra\u00dfe, Nr.*\n<\/p>\n<p><span class=\"wpcf7-form-control-wrap\" data-name=\"Strasse\"><input size=\"20\" maxlength=\"40\" class=\"wpcf7-form-control wpcf7-text wpcf7-validates-as-required\" aria-required=\"true\" aria-invalid=\"false\" value=\"\" type=\"text\" name=\"Strasse\" \/><\/span><span class=\"wpcf7-form-control-wrap\" data-name=\"Hausnummer\"><input size=\"5\" maxlength=\"40\" class=\"wpcf7-form-control wpcf7-text wpcf7-validates-as-required\" aria-required=\"true\" aria-invalid=\"false\" value=\"\" type=\"text\" name=\"Hausnummer\" \/><\/span>\n<\/p>\n<p>PLZ, Ort*\n<\/p>\n<p><span class=\"wpcf7-form-control-wrap\" data-name=\"PLZ\"><input class=\"wpcf7-form-control wpcf7-number wpcf7-validates-as-required wpcf7-validates-as-number\" aria-required=\"true\" aria-invalid=\"false\" value=\"\" type=\"number\" name=\"PLZ\" \/><\/span><span class=\"wpcf7-form-control-wrap\" data-name=\"Ort\"><input size=\"20\" maxlength=\"40\" class=\"wpcf7-form-control wpcf7-text wpcf7-validates-as-required\" aria-required=\"true\" aria-invalid=\"false\" value=\"\" type=\"text\" name=\"Ort\" \/><\/span>\n<\/p>\n<p>Deine E-Mail-Adresse*\n<\/p>\n<p><span class=\"wpcf7-form-control-wrap\" data-name=\"EMail\"><input size=\"20\" maxlength=\"40\" class=\"wpcf7-form-control wpcf7-email wpcf7-validates-as-required wpcf7-text wpcf7-validates-as-email\" aria-required=\"true\" aria-invalid=\"false\" value=\"\" type=\"email\" name=\"EMail\" \/><\/span>\n<\/p>\n<p>Deine Handynummer*\n<\/p>\n<p><span class=\"wpcf7-form-control-wrap\" data-name=\"Handy\"><input class=\"wpcf7-form-control wpcf7-number wpcf7-validates-as-required wpcf7-validates-as-number\" aria-required=\"true\" aria-invalid=\"false\" value=\"\" type=\"number\" name=\"Handy\" \/><\/span>\n<\/p>\n<p>Geburtstag* (JJJJ-MM-TT)\n<\/p>\n<p><span class=\"wpcf7-form-control-wrap\" data-name=\"Geburtstag\"><input class=\"wpcf7-form-control wpcf7-date wpcf7-validates-as-required wpcf7-validates-as-date\" aria-required=\"true\" aria-invalid=\"false\" value=\"\" type=\"date\" name=\"Geburtstag\" \/><\/span>\n<\/p>\n<p>VegetarierIn <span class=\"wpcf7-form-control-wrap\" data-name=\"vegi1\"><span class=\"wpcf7-form-control wpcf7-radio\" id=\"vegi1\"><span class=\"wpcf7-list-item first\"><input type=\"radio\" name=\"vegi1\" value=\"nein\" checked=\"checked\" \/><span class=\"wpcf7-list-item-label\">nein<\/span><\/span><span class=\"wpcf7-list-item last\"><input type=\"radio\" name=\"vegi1\" value=\"ja\" \/><span class=\"wpcf7-list-item-label\">ja<\/span><\/span><\/span><\/span>\n<\/p>\n<p>Hast du Allergien von denen wir wissen sollten? Falls ja, bitte als Bemerkung genau angeben.<br \/>\n<span class=\"wpcf7-form-control-wrap\" data-name=\"Allergien\"><span class=\"wpcf7-form-control wpcf7-radio\"><span class=\"wpcf7-list-item first\"><input type=\"radio\" name=\"Allergien\" value=\"nein\" checked=\"checked\" \/><span class=\"wpcf7-list-item-label\">nein<\/span><\/span><span class=\"wpcf7-list-item last\"><input type=\"radio\" name=\"Allergien\" value=\"ja\" \/><span class=\"wpcf7-list-item-label\">ja<\/span><\/span><\/span><\/span>\n<\/p>\n<p>Notfallkontakt - bei wem k\u00f6nnen wir uns melden, sollte Dir etwas passieren?<br \/>\nName*, Vorname* des Notfallkontakts\n<\/p>\n<p><span class=\"wpcf7-form-control-wrap\" data-name=\"NotfallName\"><input size=\"20\" maxlength=\"40\" class=\"wpcf7-form-control wpcf7-text wpcf7-validates-as-required\" aria-required=\"true\" aria-invalid=\"false\" value=\"\" type=\"text\" name=\"NotfallName\" \/><\/span><span class=\"wpcf7-form-control-wrap\" data-name=\"NotfallVorname\"><input size=\"20\" maxlength=\"40\" class=\"wpcf7-form-control wpcf7-text wpcf7-validates-as-required\" aria-required=\"true\" aria-invalid=\"false\" value=\"\" type=\"text\" name=\"NotfallVorname\" \/><\/span>\n<\/p>\n<p>Telefonnummer des Notfallkontakts*\n<\/p>\n<p><span class=\"wpcf7-form-control-wrap\" data-name=\"NotfallTelefon\"><input class=\"wpcf7-form-control wpcf7-number wpcf7-validates-as-required wpcf7-validates-as-number\" aria-required=\"true\" aria-invalid=\"false\" value=\"\" type=\"number\" name=\"NotfallTelefon\" \/><\/span>\n<\/p>\n<p>Bemerkung\n<\/p>\n<p><span class=\"wpcf7-form-control-wrap\" data-name=\"bemerkung\"><textarea cols=\"50\" rows=\"4\" maxlength=\"2000\" class=\"wpcf7-form-control wpcf7-textarea\" aria-invalid=\"false\" name=\"bemerkung\"><\/textarea><\/span>\n<\/p>\n<p> __________________________________________________________________\n<\/p>\n<p>Ich kann eine Mitfahrgelegenheit anbieten f\u00fcr <span class=\"wpcf7-form-control-wrap\" data-name=\"Plaetzefrei\"><select class=\"wpcf7-form-control wpcf7-select\" aria-invalid=\"false\" name=\"Plaetzefrei\"><option value=\"\">&#8211; Bitte ausw\u00e4hlen &#8211;<\/option><option value=\"0\">0<\/option><option value=\"1\">1<\/option><option value=\"2\">2<\/option><option value=\"3\">3<\/option><option value=\"4\">4<\/option><option value=\"5\">5<\/option><option value=\"6\">6<\/option><\/select><\/span>\n<\/p>\n<p>Ich ben\u00f6tige eine Mitfahrgelegenheit f\u00fcr <span class=\"wpcf7-form-control-wrap\" data-name=\"Plaetzenoetig\"><select class=\"wpcf7-form-control wpcf7-select\" aria-invalid=\"false\" name=\"Plaetzenoetig\"><option value=\"\">&#8211; Bitte ausw\u00e4hlen &#8211;<\/option><option value=\"0\">0<\/option><option value=\"1\">1<\/option><option value=\"2\">2<\/option><option value=\"3\">3<\/option><option value=\"4\">4<\/option><option value=\"5\">5<\/option><option value=\"6\">6<\/option><\/select><\/span>\n<\/p>\n<p> __________________________________________________________________\n<\/p>\n<p><span class=\"wpcf7-form-control-wrap\" data-name=\"haftungsausschuss\"><span class=\"wpcf7-form-control wpcf7-acceptance\"><span class=\"wpcf7-list-item\"><label><input type=\"checkbox\" name=\"haftungsausschuss\" value=\"1\" aria-invalid=\"false\" \/><span class=\"wpcf7-list-item-label\">Ich akzeptiere den Haftungsausschluss<\/span><\/label><\/span><\/span><\/span>\n<\/p>\n<p><span class=\"wpcf7-form-control-wrap\" data-name=\"DSGVO\"><span class=\"wpcf7-form-control wpcf7-acceptance\"><span class=\"wpcf7-list-item\"><label><input type=\"checkbox\" name=\"DSGVO\" value=\"1\" aria-invalid=\"false\" \/><span class=\"wpcf7-list-item-label\">Mit der Verarbeitung (Speicherung, \u00dcbermittlung, Verarbeitung und der L\u00f6schung) meines personenbezogenen Daten-\/Bildmaterials f\u00fcr Vereinszwecke nach den rechtlichen Datenschutzbestimmungen bin ich einverstanden. Mir ist bekannt, dass ich diese Einwilligung jederzeit widerrufen kann.<\/span><\/label><\/span><\/span><\/span>\n<\/p>\n<p>(Senden nur m\u00f6glich falls Kontrollk\u00e4stchen Haftungsausschuss und Datenschutz gesetzt!)\n<\/p>\n<p><input class=\"wpcf7-form-control wpcf7-submit has-spinner\" type=\"submit\" value=\"Senden\" \/>\n<\/p><p style=\"display: none !important;\" class=\"akismet-fields-container\" data-prefix=\"_wpcf7_ak_\"><label>&#916;<textarea name=\"_wpcf7_ak_hp_textarea\" cols=\"45\" rows=\"8\" maxlength=\"100\"><\/textarea><\/label><input type=\"hidden\" id=\"ak_js_1\" name=\"_wpcf7_ak_js\" value=\"7\"\/><script>document.getElementById( \"ak_js_1\" ).setAttribute( \"value\", ( new Date() ).getTime() );<\/script><\/p><div class=\"wpcf7-response-output\" aria-hidden=\"true\"><\/div>\n<\/form>\n<\/div>\n\n\n\n\n<p><a href=\"https:\/\/naturfreunde-stockach.de\/index.php\/datenschutz\/\">Datenschutz<\/a><\/p>\n\n\n\n<h5 class=\"wp-block-heading\"><a rel=\"noreferrer noopener\" href=\"https:\/\/naturfreunde-stockach.de\/index.php\/haftungsausschluss\/\" target=\"_blank\">Haftungsausschluss<\/a><\/h5>\n","protected":false},"excerpt":{"rendered":"<p>Du erh\u00e4ltst direkt nach deiner Anmeldung eine Eingangsbest\u00e4tigung per Mail. Diese dient noch nicht als Anmeldebst\u00e4tigung, diese kommt in den[&#8230;]<\/p>\n","protected":false},"author":2,"featured_media":0,"parent":92,"menu_order":0,"comment_status":"closed","ping_status":"closed","template":"","meta":{"footnotes":""},"class_list":["post-1020","page","type-page","status-publish","hentry"],"_links":{"self":[{"href":"https:\/\/naturfreunde-stockach.de\/index.php\/wp-json\/wp\/v2\/pages\/1020","targetHints":{"allow":["GET"]}}],"collection":[{"href":"https:\/\/naturfreunde-stockach.de\/index.php\/wp-json\/wp\/v2\/pages"}],"about":[{"href":"https:\/\/naturfreunde-stockach.de\/index.php\/wp-json\/wp\/v2\/types\/page"}],"author":[{"embeddable":true,"href":"https:\/\/naturfreunde-stockach.de\/index.php\/wp-json\/wp\/v2\/users\/2"}],"replies":[{"embeddable":true,"href":"https:\/\/naturfreunde-stockach.de\/index.php\/wp-json\/wp\/v2\/comments?post=1020"}],"version-history":[{"count":6,"href":"https:\/\/naturfreunde-stockach.de\/index.php\/wp-json\/wp\/v2\/pages\/1020\/revisions"}],"predecessor-version":[{"id":2442,"href":"https:\/\/naturfreunde-stockach.de\/index.php\/wp-json\/wp\/v2\/pages\/1020\/revisions\/2442"}],"up":[{"embeddable":true,"href":"https:\/\/naturfreunde-stockach.de\/index.php\/wp-json\/wp\/v2\/pages\/92"}],"wp:attachment":[{"href":"https:\/\/naturfreunde-stockach.de\/index.php\/wp-json\/wp\/v2\/media?parent=1020"}],"curies":[{"name":"wp","href":"https:\/\/api.w.org\/{rel}","templated":true}]}}