{"id":197,"date":"2015-10-04T12:15:20","date_gmt":"2015-10-04T10:15:20","guid":{"rendered":"http:\/\/naturfreunde-stockach.de\/?page_id=197"},"modified":"2015-10-04T12:15:20","modified_gmt":"2015-10-04T10:15:20","slug":"haftungsausschluss","status":"publish","type":"page","link":"https:\/\/naturfreunde-stockach.de\/index.php\/haftungsausschluss\/","title":{"rendered":"Haftungsausschluss"},"content":{"rendered":"<div class=\"layoutArea\">\n<div class=\"column\">\n<h5><strong><span class=\"\">Verhalten im Gebirge<\/span><\/strong><\/h5>\n<p class=\"\"><span class=\"\">Wir weisen ausdr\u00fccklich darauf hin, dass unsere Reisen in alpinem Gel\u00e4nde stattfinden.\u00a0<\/span><span class=\"\">Somit sind die Reiseteilnehmer zeitweise typischen alpinen Gefahren (extreme K\u00e4lte,\u00a0<\/span><span class=\"\">Sonneneinstrahlung, usw.) ausgesetzt. Jeder Reiseteilnehmer ist f\u00fcr sein, den alpinen Bedingungen angemessenes, Verhalten grunds\u00e4tzlich selbst verantwortlich. Wir emp- fehlen unseren Teilnehmern daher dringend die Hinweise unserer \u00dcbungsleiter oder des Pistenpersonals zu befolgen.<\/span><\/p>\n<p class=\"\"><span class=\"\">F\u00fcr eventuell doch eintretende Sch\u00e4den an Gesundheit oder Material hat sich jeder Teilnehmer selbst ausreichend zu versichern. Zu empfehlen w\u00e4re hier eine Ski- und Unfallversicherung beim Deutschen Skiverband (DSV) abzuschlie\u00dfen, der auch g\u00fcns- tige Familienpakete anbietet.<\/span><\/p>\n<p class=\"\"><span class=\"\">Kursteilnehmer haben beim jeweiligen \u00dcbungsleiter bei Kursbeginn im Skigebiet eine Meldepflicht.<\/span><\/p>\n<p class=\"\"><span class=\"\">Die \u00dcbungsleiter der Naturfreunde Stockach \u00fcbernehmen f\u00fcr Kinder und Jugendli- che nur zu den ausgewiesenen Kurszeiten (au\u00dfer der Mittagspause) gegen\u00fcber den Kursteilnehmern eine Aufsichtspflicht.<\/span><\/p>\n<p class=\"\"><span class=\"\">Beim Packen ist darauf zu achten, dass der Platz im Bus beschr\u00e4nkt ist!\u00a0<\/span><\/p>\n<h4><strong><span class=\"\">Haftung<\/span><\/strong><\/h4>\n<p class=\"\"><span class=\"\">Die Naturfreunde Schneeschule Stockach kann keine Haftung f\u00fcr ausgefallene oder eingeschr\u00e4nkte Skifahrten aufgrund von Schneemangel, Sturm, ausgefallener Liftanla- gen usw. \u00fcbernehmen.<\/span><\/p>\n<p class=\"\"><span class=\"\">Nicht in Anspruch genommene Kurstage &#8211; auch bei Verlegung eines Kurstages &#8211; ver- fallen.<\/span><\/p>\n<p class=\"\"><span class=\"\">Die Naturfreunde Schneeschule Stockach \u00fcbernimmt bei allen Fahrten und Skikursen vom ersten Buseinstieg bis zum letzten Busausstieg keine Haftung f\u00fcr Ausr\u00fcstungsge- genst\u00e4nde, Skibekleidung usw.<\/span><\/p>\n<p class=\"\"><span class=\"\">F\u00fcr Begleitpersonen oder Mitfahrer erfolgt die Teilnahme auf eigene Gefahr, die Naturfreunde Schneeschule Stockach \u00fcbernimmt keine Haftung bei Unf\u00e4llen oder Verlust von Gegenst\u00e4nden.<\/span><\/p>\n<p class=\"\"><span class=\"\">F\u00fcr Kursteilnehmer, seien es Mit- oder Selbstfahrer, die auf Eigenverantwortung den Skikurs im jeweiligen Skigebiet fernbleiben, sowie Mitfahrer die nicht an den Kur- sen teilnehmen, sind die Naturfreunde<br class=\"\" \/>Stockach von jeglicher Haftung ausge<\/span><span class=\"\">schlossen.<\/span><\/p>\n<\/div>\n<\/div>\n<div class=\"layoutArea\">\n<div class=\"column\">\n<p class=\"\"><span class=\"\">Jugendlichen ist nur mit schriftlicher Genehmigung der Erziehungsberechtigten erlaubt, vom Skikurs fernzubleiben.\u00a0<\/span><\/p>\n<div class=\"\"><\/div>\n<div class=\"\"><\/div>\n<div class=\"\"><\/div>\n<\/div>\n<\/div>\n","protected":false},"excerpt":{"rendered":"<p>Verhalten im Gebirge Wir weisen ausdr\u00fccklich darauf hin, dass unsere Reisen in alpinem Gel\u00e4nde stattfinden.\u00a0Somit sind die Reiseteilnehmer zeitweise typischen[&#8230;]<\/p>\n","protected":false},"author":1,"featured_media":0,"parent":0,"menu_order":0,"comment_status":"closed","ping_status":"closed","template":"","meta":{"footnotes":""},"class_list":["post-197","page","type-page","status-publish","hentry"],"_links":{"self":[{"href":"https:\/\/naturfreunde-stockach.de\/index.php\/wp-json\/wp\/v2\/pages\/197","targetHints":{"allow":["GET"]}}],"collection":[{"href":"https:\/\/naturfreunde-stockach.de\/index.php\/wp-json\/wp\/v2\/pages"}],"about":[{"href":"https:\/\/naturfreunde-stockach.de\/index.php\/wp-json\/wp\/v2\/types\/page"}],"author":[{"embeddable":true,"href":"https:\/\/naturfreunde-stockach.de\/index.php\/wp-json\/wp\/v2\/users\/1"}],"replies":[{"embeddable":true,"href":"https:\/\/naturfreunde-stockach.de\/index.php\/wp-json\/wp\/v2\/comments?post=197"}],"version-history":[{"count":1,"href":"https:\/\/naturfreunde-stockach.de\/index.php\/wp-json\/wp\/v2\/pages\/197\/revisions"}],"predecessor-version":[{"id":198,"href":"https:\/\/naturfreunde-stockach.de\/index.php\/wp-json\/wp\/v2\/pages\/197\/revisions\/198"}],"wp:attachment":[{"href":"https:\/\/naturfreunde-stockach.de\/index.php\/wp-json\/wp\/v2\/media?parent=197"}],"curies":[{"name":"wp","href":"https:\/\/api.w.org\/{rel}","templated":true}]}}