{"id":234,"date":"2025-10-05T20:00:00","date_gmt":"2025-10-05T18:00:00","guid":{"rendered":"http:\/\/naturfreunde-stockach.de\/?page_id=234"},"modified":"2026-01-29T01:00:48","modified_gmt":"2026-01-29T00:00:48","slug":"anmeldung-events-tagesausfahrten","status":"publish","type":"page","link":"https:\/\/naturfreunde-stockach.de\/index.php\/anmeldung\/anmeldung-events-tagesausfahrten\/","title":{"rendered":"Anmeldung Events"},"content":{"rendered":"\n<hr class=\"wp-block-separator has-alpha-channel-opacity\"\/>\n\n\n\n<ul class=\"wp-block-list\">\n<li style=\"font-size:16px\">Unsere Mitglieder des Haupt- oder F\u00f6rdervereins haben Vorrang bei der Vergabe der Pl\u00e4tze.<\/li>\n\n\n\n<li style=\"font-size:16px\"><span style=\"font-size: 1rem;\">Du erh\u00e4ltst direkt nach Ihrer Anmeldung eine Eingangsbest\u00e4tigung per Mail. Diese dient noch nicht als Anmeldebst\u00e4tigung, diese kommt in den n\u00e4chsten 5 Tagen per E-Mail vom Verantwortlichen f\u00fcr die Freizeit.<\/span><\/li>\n\n\n\n<li style=\"font-size:16px\">Treten technische Probleme bei der Anmeldung auf bitte meldet Euch:&nbsp;<a href=\"mailto:sebastian.fritschi@naturfreunde-stockach.de\">sebastian.fritschi(at)naturfreunde-stockach.de<\/a><\/li>\n\n\n\n<li style=\"font-size:16px\"><a href=\"https:\/\/naturfreunde-stockach.de\/index.php\/haftungsausschluss\/\" target=\"_blank\" rel=\"noreferrer noopener\">Haftungsausschluss <\/a><\/li>\n\n\n\n<li><strong>Unser erstes Event am 18.1. ist ausgebucht<\/strong><\/li>\n\n\n\n<li><strong><strong>Unser zweites Event am 1.2. ist ausgebucht<\/strong><\/strong>. Anmeldungen werden lediglich noch auf die Warteliste genommen, falls schon angemeldete Personen ausfallen (bei derzeitiger Krankheitswelle eher wahrscheinlich) bekommt ihr kurzfristig Bescheid.<\/li>\n\n\n\n<li><strong><strong>Unser drittes Event am 7.2. ist ausgebucht<\/strong><\/strong>. Anmeldungen werden lediglich noch auf die Warteliste genommen, falls schon angemeldete Personen ausfallen bekommt ihr kurzfristig Bescheid.<\/li>\n\n\n\n<li><strong>und 4. Event haben wir noch Platz im Bus und in den Kursen und freuen uns \u00fcber Anmeldungen<\/strong><\/li>\n<\/ul>\n\n\n\n<hr class=\"wp-block-separator has-alpha-channel-opacity is-style-wide\"\/>\n\n\n\n<div class=\"wp-block-contact-form-7-contact-form-selector\">\n<div class=\"wpcf7 no-js\" id=\"wpcf7-f233-o1\" lang=\"de-DE\" dir=\"ltr\" data-wpcf7-id=\"233\">\n<div class=\"screen-reader-response\"><p role=\"status\" aria-live=\"polite\" aria-atomic=\"true\"><\/p> <ul><\/ul><\/div>\n<form action=\"\/index.php\/wp-json\/wp\/v2\/pages\/234#wpcf7-f233-o1\" method=\"post\" class=\"wpcf7-form init\" aria-label=\"Kontaktformular\" novalidate=\"novalidate\" data-status=\"init\">\n<div style=\"display: none;\">\n<input type=\"hidden\" name=\"_wpcf7\" value=\"233\" \/>\n<input type=\"hidden\" name=\"_wpcf7_version\" value=\"6.0.1\" \/>\n<input type=\"hidden\" name=\"_wpcf7_locale\" value=\"de_DE\" \/>\n<input type=\"hidden\" name=\"_wpcf7_unit_tag\" value=\"wpcf7-f233-o1\" \/>\n<input type=\"hidden\" name=\"_wpcf7_container_post\" value=\"0\" \/>\n<input type=\"hidden\" name=\"_wpcf7_posted_data_hash\" value=\"\" \/>\n<input type=\"hidden\" name=\"_wpcf7cf_hidden_group_fields\" value=\"[]\" \/>\n<input type=\"hidden\" name=\"_wpcf7cf_hidden_groups\" value=\"[]\" \/>\n<input type=\"hidden\" name=\"_wpcf7cf_visible_groups\" value=\"[]\" \/>\n<input type=\"hidden\" name=\"_wpcf7cf_repeaters\" value=\"[]\" \/>\n<input type=\"hidden\" name=\"_wpcf7cf_steps\" value=\"{}\" \/>\n<input type=\"hidden\" name=\"_wpcf7cf_options\" value=\"{&quot;form_id&quot;:233,&quot;conditions&quot;:[],&quot;settings&quot;:{&quot;animation&quot;:&quot;yes&quot;,&quot;animation_intime&quot;:200,&quot;animation_outtime&quot;:200,&quot;conditions_ui&quot;:&quot;normal&quot;,&quot;notice_dismissed&quot;:false,&quot;notice_dismissed_rollback-cf7-5.7.2&quot;:true,&quot;notice_dismissed_rollback-cf7-5.8.1&quot;:true}}\" \/>\n<\/div>\n<p><b>Anmelden f\u00fcr <\/b>*\n<\/p>\n<p><span class=\"wpcf7-form-control-wrap\" data-name=\"Events\"><span class=\"wpcf7-form-control wpcf7-checkbox wpcf7-validates-as-required\" id=\"Events\"><span class=\"wpcf7-list-item first\"><input type=\"checkbox\" name=\"Events[]\" value=\"Alle Events\" \/><span class=\"wpcf7-list-item-label\">Alle Events<\/span><\/span><span class=\"wpcf7-list-item\"><input type=\"checkbox\" name=\"Events[]\" value=\"Event I (18.1.)\" \/><span class=\"wpcf7-list-item-label\">Event I (18.1.)<\/span><\/span><span class=\"wpcf7-list-item\"><input type=\"checkbox\" name=\"Events[]\" value=\"Event II (01.2.)\" \/><span class=\"wpcf7-list-item-label\">Event II (01.2.)<\/span><\/span><span class=\"wpcf7-list-item\"><input type=\"checkbox\" name=\"Events[]\" value=\"Event III (07.2.)\" \/><span class=\"wpcf7-list-item-label\">Event III (07.2.)<\/span><\/span><span class=\"wpcf7-list-item last\"><input type=\"checkbox\" name=\"Events[]\" value=\"Event IV (28.2.)\" \/><span class=\"wpcf7-list-item-label\">Event IV (28.2.)<\/span><\/span><\/span><\/span>\n<\/p>\n<p>Name*, Vorname*\n<\/p>\n<p><span class=\"wpcf7-form-control-wrap\" data-name=\"your-name\"><input size=\"20\" maxlength=\"40\" class=\"wpcf7-form-control wpcf7-text wpcf7-validates-as-required\" aria-required=\"true\" aria-invalid=\"false\" value=\"\" type=\"text\" name=\"your-name\" \/><\/span><span class=\"wpcf7-form-control-wrap\" data-name=\"your-first-name\"><input size=\"20\" maxlength=\"40\" class=\"wpcf7-form-control wpcf7-text wpcf7-validates-as-required\" aria-required=\"true\" aria-invalid=\"false\" value=\"\" type=\"text\" name=\"your-first-name\" \/><\/span>\n<\/p>\n<p>Stra\u00dfe, Nr.*\n<\/p>\n<p><span class=\"wpcf7-form-control-wrap\" data-name=\"your-street\"><input size=\"20\" maxlength=\"40\" class=\"wpcf7-form-control wpcf7-text wpcf7-validates-as-required\" aria-required=\"true\" aria-invalid=\"false\" value=\"\" type=\"text\" name=\"your-street\" \/><\/span><span class=\"wpcf7-form-control-wrap\" data-name=\"hausnummer\"><input size=\"5\" maxlength=\"40\" class=\"wpcf7-form-control wpcf7-text wpcf7-validates-as-required\" aria-required=\"true\" aria-invalid=\"false\" value=\"\" type=\"text\" name=\"hausnummer\" \/><\/span>\n<\/p>\n<p>PLZ, Ort*\n<\/p>\n<p><span class=\"wpcf7-form-control-wrap\" data-name=\"PLZ\"><input class=\"wpcf7-form-control wpcf7-number wpcf7-validates-as-required wpcf7-validates-as-number\" aria-required=\"true\" aria-invalid=\"false\" value=\"\" type=\"number\" name=\"PLZ\" \/><\/span><span class=\"wpcf7-form-control-wrap\" data-name=\"your-town\"><input size=\"20\" maxlength=\"40\" class=\"wpcf7-form-control wpcf7-text wpcf7-validates-as-required\" aria-required=\"true\" aria-invalid=\"false\" value=\"\" type=\"text\" name=\"your-town\" \/><\/span>\n<\/p>\n<p>Ihre E-Mail-Adresse*\n<\/p>\n<p><span class=\"wpcf7-form-control-wrap\" data-name=\"your-email\"><input size=\"20\" maxlength=\"40\" class=\"wpcf7-form-control wpcf7-email wpcf7-validates-as-required wpcf7-text wpcf7-validates-as-email\" aria-required=\"true\" aria-invalid=\"false\" value=\"\" type=\"email\" name=\"your-email\" \/><\/span>\n<\/p>\n<p>Ihre Telefonnummer\n<\/p>\n<p><span class=\"wpcf7-form-control-wrap\" data-name=\"telephone\"><input class=\"wpcf7-form-control wpcf7-number wpcf7-validates-as-number\" aria-invalid=\"false\" value=\"\" type=\"number\" name=\"telephone\" \/><\/span>\n<\/p>\n<p>Ihre Handynummer*\n<\/p>\n<p><span class=\"wpcf7-form-control-wrap\" data-name=\"mobile\"><input class=\"wpcf7-form-control wpcf7-number wpcf7-validates-as-number\" aria-invalid=\"false\" value=\"\" type=\"number\" name=\"mobile\" \/><\/span>\n<\/p>\n<p>Geburtstag*\n<\/p>\n<p><span class=\"wpcf7-form-control-wrap\" data-name=\"born\"><input class=\"wpcf7-form-control wpcf7-date wpcf7-validates-as-date\" aria-invalid=\"false\" value=\"\" type=\"date\" name=\"born\" \/><\/span>\n<\/p>\n<p>Unterwegs auf <span class=\"wpcf7-form-control-wrap\" data-name=\"geraet\"><select class=\"wpcf7-form-control wpcf7-select wpcf7-validates-as-required\" aria-required=\"true\" aria-invalid=\"false\" name=\"geraet\"><option value=\"\">&#8211; Bitte ausw\u00e4hlen &#8211;<\/option><option value=\"Ski\">Ski<\/option><option value=\"Snowboard\">Snowboard<\/option><\/select><\/span>, Kurskategorie* <span class=\"wpcf7-form-control-wrap\" data-name=\"kurs\"><select class=\"wpcf7-form-control wpcf7-select wpcf7-validates-as-required\" aria-required=\"true\" aria-invalid=\"false\" name=\"kurs\"><option value=\"K1\">K1<\/option><option value=\"K2\">K2<\/option><option value=\"K3\">K3<\/option><option value=\"K4\">K4<\/option><option value=\"Nur Busfahrt\">Nur Busfahrt<\/option><\/select><\/span>\n<\/p>\n<p> __________________________________________________________________\n<\/p>\n<p><b> Anmeldung 2.Person <\/b>\n<\/p>\n<p>Name, Vorname\n<\/p>\n<p><span class=\"wpcf7-form-control-wrap\" data-name=\"your-name2\"><input size=\"20\" maxlength=\"40\" class=\"wpcf7-form-control wpcf7-text\" aria-invalid=\"false\" value=\"\" type=\"text\" name=\"your-name2\" \/><\/span><span class=\"wpcf7-form-control-wrap\" data-name=\"your-first-name2\"><input size=\"20\" maxlength=\"40\" class=\"wpcf7-form-control wpcf7-text\" aria-invalid=\"false\" value=\"\" type=\"text\" name=\"your-first-name2\" \/><\/span>\n<\/p>\n<p>Geburtstag\n<\/p>\n<p><span class=\"wpcf7-form-control-wrap\" data-name=\"born2\"><input class=\"wpcf7-form-control wpcf7-date wpcf7-validates-as-date\" aria-invalid=\"false\" value=\"\" type=\"date\" name=\"born2\" \/><\/span>\n<\/p>\n<p>Unterwegs auf <span class=\"wpcf7-form-control-wrap\" data-name=\"geraet2\"><select class=\"wpcf7-form-control wpcf7-select\" aria-invalid=\"false\" name=\"geraet2\"><option value=\"\">&#8211; Bitte ausw\u00e4hlen &#8211;<\/option><option value=\"Ski\">Ski<\/option><option value=\"Snowboard\">Snowboard<\/option><\/select><\/span>, Kurskategorie* <span class=\"wpcf7-form-control-wrap\" data-name=\"kurs2\"><select class=\"wpcf7-form-control wpcf7-select\" aria-invalid=\"false\" name=\"kurs2\"><option value=\"K1\">K1<\/option><option value=\"K2\">K2<\/option><option value=\"K3\">K3<\/option><option value=\"K4\">K4<\/option><option value=\"Nur Busfahrt\">Nur Busfahrt<\/option><\/select><\/span>\n<\/p>\n<p> __________________________________________________________________\n<\/p>\n<p>Anmeldung 3.Person\n<\/p>\n<p>Name, Vorname\n<\/p>\n<p><span class=\"wpcf7-form-control-wrap\" data-name=\"your-name3\"><input size=\"20\" maxlength=\"40\" class=\"wpcf7-form-control wpcf7-text\" aria-invalid=\"false\" value=\"\" type=\"text\" name=\"your-name3\" \/><\/span><span class=\"wpcf7-form-control-wrap\" data-name=\"your-first-name3\"><input size=\"20\" maxlength=\"40\" class=\"wpcf7-form-control wpcf7-text\" aria-invalid=\"false\" value=\"\" type=\"text\" name=\"your-first-name3\" \/><\/span>\n<\/p>\n<p>Geburtstag\n<\/p>\n<p><span class=\"wpcf7-form-control-wrap\" data-name=\"born3\"><input class=\"wpcf7-form-control wpcf7-date wpcf7-validates-as-date\" aria-invalid=\"false\" value=\"\" type=\"date\" name=\"born3\" \/><\/span>\n<\/p>\n<p>Unterwegs auf <span class=\"wpcf7-form-control-wrap\" data-name=\"geraet3\"><select class=\"wpcf7-form-control wpcf7-select\" aria-invalid=\"false\" name=\"geraet3\"><option value=\"\">&#8211; Bitte ausw\u00e4hlen &#8211;<\/option><option value=\"Ski\">Ski<\/option><option value=\"Snowboard\">Snowboard<\/option><\/select><\/span>, Kurskategorie* <span class=\"wpcf7-form-control-wrap\" data-name=\"kurs3\"><select class=\"wpcf7-form-control wpcf7-select\" aria-invalid=\"false\" name=\"kurs3\"><option value=\"K1\">K1<\/option><option value=\"K2\">K2<\/option><option value=\"K3\">K3<\/option><option value=\"K4\">K4<\/option><option value=\"Nur Busfahrt\">Nur Busfahrt<\/option><\/select><\/span>\n<\/p>\n<p> __________________________________________________________________\n<\/p>\n<p>Anmeldung 4.Person\n<\/p>\n<p>Name, Vorname\n<\/p>\n<p><span class=\"wpcf7-form-control-wrap\" data-name=\"your-name4\"><input size=\"20\" maxlength=\"40\" class=\"wpcf7-form-control wpcf7-text\" aria-invalid=\"false\" value=\"\" type=\"text\" name=\"your-name4\" \/><\/span><span class=\"wpcf7-form-control-wrap\" data-name=\"your-first-name4\"><input size=\"20\" maxlength=\"40\" class=\"wpcf7-form-control wpcf7-text\" aria-invalid=\"false\" value=\"\" type=\"text\" name=\"your-first-name4\" \/><\/span>\n<\/p>\n<p>Geburtstag\n<\/p>\n<p><span class=\"wpcf7-form-control-wrap\" data-name=\"born4\"><input class=\"wpcf7-form-control wpcf7-date wpcf7-validates-as-date\" aria-invalid=\"false\" value=\"\" type=\"date\" name=\"born4\" \/><\/span>\n<\/p>\n<p>Unterwegs auf <span class=\"wpcf7-form-control-wrap\" data-name=\"geraet4\"><select class=\"wpcf7-form-control wpcf7-select\" aria-invalid=\"false\" name=\"geraet4\"><option value=\"\">&#8211; Bitte ausw\u00e4hlen &#8211;<\/option><option value=\"Ski\">Ski<\/option><option value=\"Snowboard\">Snowboard<\/option><\/select><\/span>, Kurskategorie <span class=\"wpcf7-form-control-wrap\" data-name=\"kurs4\"><select class=\"wpcf7-form-control wpcf7-select\" aria-invalid=\"false\" name=\"kurs4\"><option value=\"K1\">K1<\/option><option value=\"K2\">K2<\/option><option value=\"K3\">K3<\/option><option value=\"K4\">K4<\/option><option value=\"Nur Busfahrt\">Nur Busfahrt<\/option><\/select><\/span>\n<\/p>\n<p> __________________________________________________________________\n<\/p>\n<p>Anmeldung 5.Person\n<\/p>\n<p>Name, Vorname\n<\/p>\n<p><span class=\"wpcf7-form-control-wrap\" data-name=\"your-name5\"><input size=\"20\" maxlength=\"40\" class=\"wpcf7-form-control wpcf7-text\" aria-invalid=\"false\" value=\"\" type=\"text\" name=\"your-name5\" \/><\/span><span class=\"wpcf7-form-control-wrap\" data-name=\"your-first-name5\"><input size=\"20\" maxlength=\"40\" class=\"wpcf7-form-control wpcf7-text\" aria-invalid=\"false\" value=\"\" type=\"text\" name=\"your-first-name5\" \/><\/span>\n<\/p>\n<p>Geburtstag\n<\/p>\n<p><span class=\"wpcf7-form-control-wrap\" data-name=\"born5\"><input class=\"wpcf7-form-control wpcf7-date wpcf7-validates-as-date\" aria-invalid=\"false\" value=\"\" type=\"date\" name=\"born5\" \/><\/span>\n<\/p>\n<p>Unterwegs auf <span class=\"wpcf7-form-control-wrap\" data-name=\"geraet5\"><select class=\"wpcf7-form-control wpcf7-select\" aria-invalid=\"false\" name=\"geraet5\"><option value=\"\">&#8211; Bitte ausw\u00e4hlen &#8211;<\/option><option value=\"Ski\">Ski<\/option><option value=\"Snowboard\">Snowboard<\/option><\/select><\/span>, Kurskategorie <span class=\"wpcf7-form-control-wrap\" data-name=\"kurs5\"><select class=\"wpcf7-form-control wpcf7-select\" aria-invalid=\"false\" name=\"kurs5\"><option value=\"K1\">K1<\/option><option value=\"K2\">K2<\/option><option value=\"K3\">K3<\/option><option value=\"K4\">K4<\/option><option value=\"Nur Busfahrt\">Nur Busfahrt<\/option><\/select><\/span>\n<\/p>\n<p>Bemerkung\n<\/p>\n<p><span class=\"wpcf7-form-control-wrap\" data-name=\"your-message\"><textarea cols=\"50\" rows=\"5\" maxlength=\"2000\" class=\"wpcf7-form-control wpcf7-textarea\" aria-invalid=\"false\" name=\"your-message\"><\/textarea><\/span>\n<\/p>\n<p><span class=\"wpcf7-form-control-wrap\" data-name=\"acceptance-917\"><span class=\"wpcf7-form-control wpcf7-acceptance\"><span class=\"wpcf7-list-item\"><label><input type=\"checkbox\" name=\"acceptance-917\" value=\"1\" aria-invalid=\"false\" \/><span class=\"wpcf7-list-item-label\">Ich akzeptiere den Haftungsausschluss<\/span><\/label><\/span><\/span><\/span>\n<\/p>\n<p><span class=\"wpcf7-form-control-wrap\" data-name=\"DSGVO\"><span class=\"wpcf7-form-control wpcf7-acceptance\"><span class=\"wpcf7-list-item\"><label><input type=\"checkbox\" name=\"DSGVO\" value=\"1\" aria-invalid=\"false\" \/><span class=\"wpcf7-list-item-label\">Mit der Verarbeitung (Speicherung, \u00dcbermittlung, Verarbeitung und der L\u00f6schung) meines personenbezogenen Daten-\/Bildmaterials f\u00fcr Vereinszwecke nach den rechtlichen Datenschutzbestimmungen bin ich einverstanden. Mir ist bekannt, dass ich diese Einwilligung jederzeit widerrufen kann.<\/span><\/label><\/span><\/span><\/span>\n<\/p>\n<p><input class=\"wpcf7-form-control wpcf7-submit has-spinner\" type=\"submit\" value=\"Senden\" \/>\n<\/p><p style=\"display: none !important;\" class=\"akismet-fields-container\" data-prefix=\"_wpcf7_ak_\"><label>&#916;<textarea name=\"_wpcf7_ak_hp_textarea\" cols=\"45\" rows=\"8\" maxlength=\"100\"><\/textarea><\/label><input type=\"hidden\" id=\"ak_js_1\" name=\"_wpcf7_ak_js\" value=\"126\"\/><script>document.getElementById( \"ak_js_1\" ).setAttribute( \"value\", ( new Date() ).getTime() );<\/script><\/p><div class=\"wpcf7-response-output\" aria-hidden=\"true\"><\/div>\n<\/form>\n<\/div>\n<\/div>\n","protected":false},"excerpt":{"rendered":"","protected":false},"author":1,"featured_media":0,"parent":92,"menu_order":0,"comment_status":"closed","ping_status":"closed","template":"template-fullwidth.php","meta":{"footnotes":""},"class_list":["post-234","page","type-page","status-publish","hentry"],"_links":{"self":[{"href":"https:\/\/naturfreunde-stockach.de\/index.php\/wp-json\/wp\/v2\/pages\/234","targetHints":{"allow":["GET"]}}],"collection":[{"href":"https:\/\/naturfreunde-stockach.de\/index.php\/wp-json\/wp\/v2\/pages"}],"about":[{"href":"https:\/\/naturfreunde-stockach.de\/index.php\/wp-json\/wp\/v2\/types\/page"}],"author":[{"embeddable":true,"href":"https:\/\/naturfreunde-stockach.de\/index.php\/wp-json\/wp\/v2\/users\/1"}],"replies":[{"embeddable":true,"href":"https:\/\/naturfreunde-stockach.de\/index.php\/wp-json\/wp\/v2\/comments?post=234"}],"version-history":[{"count":21,"href":"https:\/\/naturfreunde-stockach.de\/index.php\/wp-json\/wp\/v2\/pages\/234\/revisions"}],"predecessor-version":[{"id":2789,"href":"https:\/\/naturfreunde-stockach.de\/index.php\/wp-json\/wp\/v2\/pages\/234\/revisions\/2789"}],"up":[{"embeddable":true,"href":"https:\/\/naturfreunde-stockach.de\/index.php\/wp-json\/wp\/v2\/pages\/92"}],"wp:attachment":[{"href":"https:\/\/naturfreunde-stockach.de\/index.php\/wp-json\/wp\/v2\/media?parent=234"}],"curies":[{"name":"wp","href":"https:\/\/api.w.org\/{rel}","templated":true}]}}