{"id":241,"date":"2025-10-05T20:00:00","date_gmt":"2025-10-05T18:00:00","guid":{"rendered":"http:\/\/naturfreunde-stockach.de\/?page_id=241"},"modified":"2025-11-30T10:42:12","modified_gmt":"2025-11-30T09:42:12","slug":"anmeldung-freizeiten","status":"publish","type":"page","link":"https:\/\/naturfreunde-stockach.de\/index.php\/anmeldung\/anmeldung-freizeiten\/","title":{"rendered":"Anmeldung Sterzing"},"content":{"rendered":"\n<p><strong>Unsere Skifreizeit in Sterzing ist leider ausgebucht, weitere Anmeldungen nur noch \u00fcber die Warteliste!<\/strong><\/p>\n\n\n\n<hr class=\"wp-block-separator has-alpha-channel-opacity\"\/>\n\n\n\n<ul class=\"wp-block-list\">\n<li style=\"font-size:16px\">Unsere Mitglieder des Haupt- oder F\u00f6rdervereins haben Vorrang bei der Vergabe der Pl\u00e4tze.<\/li>\n\n\n\n<li style=\"font-size:16px\">Du erh\u00e4ltst direkt nach Ihrer Anmeldung eine Eingangsbest\u00e4tigung per Mail. Diese dient noch nicht als Anmeldebst\u00e4tigung, diese kommt in den n\u00e4chsten 5 Tagen per E-Mail vom Verantwortlichen f\u00fcr die Freizeit.<\/li>\n\n\n\n<li style=\"font-size:16px\">Treten technische Probleme bei der Anmeldung auf bitte meldet Euch:&nbsp;<a href=\"mailto:sebastian.fritschi@naturfreunde-stockach.de\">sebastian.fritschi(at)naturfreunde-stockach.de<\/a><\/li>\n\n\n\n<li style=\"font-size:16px\"><a href=\"https:\/\/naturfreunde-stockach.de\/index.php\/haftungsausschluss\/\" target=\"_blank\" rel=\"noreferrer noopener\">Haftungsausschluss <\/a>(Stornogeb\u00fchr Skifreizeiten: mind. 50 \u20ac\/Person)<\/li>\n<\/ul>\n\n\n<div id=\"id6\" class=\"style_SkipStroke_2 shape-with-text\">\n<div class=\"text-content graphic_textbox_layout_style_default_External_632_64\">\n<div class=\"graphic_textbox_layout_style_default\">\n\n<div class=\"wpcf7 no-js\" id=\"wpcf7-f890-o1\" lang=\"de-DE\" dir=\"ltr\" data-wpcf7-id=\"890\">\n<div class=\"screen-reader-response\"><p role=\"status\" aria-live=\"polite\" aria-atomic=\"true\"><\/p> <ul><\/ul><\/div>\n<form action=\"\/index.php\/wp-json\/wp\/v2\/pages\/241#wpcf7-f890-o1\" method=\"post\" class=\"wpcf7-form init\" aria-label=\"Kontaktformular\" novalidate=\"novalidate\" data-status=\"init\">\n<div style=\"display: none;\">\n<input type=\"hidden\" name=\"_wpcf7\" value=\"890\" \/>\n<input type=\"hidden\" name=\"_wpcf7_version\" value=\"6.0.1\" \/>\n<input type=\"hidden\" name=\"_wpcf7_locale\" value=\"de_DE\" \/>\n<input type=\"hidden\" name=\"_wpcf7_unit_tag\" value=\"wpcf7-f890-o1\" \/>\n<input type=\"hidden\" name=\"_wpcf7_container_post\" value=\"0\" \/>\n<input type=\"hidden\" name=\"_wpcf7_posted_data_hash\" value=\"\" \/>\n<input type=\"hidden\" name=\"_wpcf7cf_hidden_group_fields\" value=\"[]\" \/>\n<input type=\"hidden\" name=\"_wpcf7cf_hidden_groups\" value=\"[]\" \/>\n<input type=\"hidden\" name=\"_wpcf7cf_visible_groups\" value=\"[]\" \/>\n<input type=\"hidden\" name=\"_wpcf7cf_repeaters\" value=\"[]\" \/>\n<input type=\"hidden\" name=\"_wpcf7cf_steps\" value=\"{}\" \/>\n<input type=\"hidden\" name=\"_wpcf7cf_options\" value=\"{&quot;form_id&quot;:890,&quot;conditions&quot;:[],&quot;settings&quot;:{&quot;animation&quot;:&quot;yes&quot;,&quot;animation_intime&quot;:200,&quot;animation_outtime&quot;:200,&quot;conditions_ui&quot;:&quot;normal&quot;,&quot;notice_dismissed&quot;:false,&quot;notice_dismissed_rollback-cf7-5.7.2&quot;:true,&quot;notice_dismissed_rollback-cf7-5.8.1&quot;:true}}\" \/>\n<\/div>\n<p>Name*, Vorname*\n<\/p>\n<p><span class=\"wpcf7-form-control-wrap\" data-name=\"Name\"><input size=\"20\" maxlength=\"40\" class=\"wpcf7-form-control wpcf7-text wpcf7-validates-as-required\" aria-required=\"true\" aria-invalid=\"false\" value=\"\" type=\"text\" name=\"Name\" \/><\/span><span class=\"wpcf7-form-control-wrap\" data-name=\"Vorname\"><input size=\"20\" maxlength=\"40\" class=\"wpcf7-form-control wpcf7-text wpcf7-validates-as-required\" aria-required=\"true\" aria-invalid=\"false\" value=\"\" type=\"text\" name=\"Vorname\" \/><\/span>\n<\/p>\n<p>Stra\u00dfe, Nr.*\n<\/p>\n<p><span class=\"wpcf7-form-control-wrap\" data-name=\"Strasse\"><input size=\"20\" maxlength=\"40\" class=\"wpcf7-form-control wpcf7-text wpcf7-validates-as-required\" aria-required=\"true\" aria-invalid=\"false\" value=\"\" type=\"text\" name=\"Strasse\" \/><\/span><span class=\"wpcf7-form-control-wrap\" data-name=\"Hausnummer\"><input size=\"5\" maxlength=\"40\" class=\"wpcf7-form-control wpcf7-text wpcf7-validates-as-required\" aria-required=\"true\" aria-invalid=\"false\" value=\"\" type=\"text\" name=\"Hausnummer\" \/><\/span>\n<\/p>\n<p>PLZ, Ort*\n<\/p>\n<p><span class=\"wpcf7-form-control-wrap\" data-name=\"PLZ\"><input class=\"wpcf7-form-control wpcf7-number wpcf7-validates-as-required wpcf7-validates-as-number\" aria-required=\"true\" aria-invalid=\"false\" value=\"\" type=\"number\" name=\"PLZ\" \/><\/span><span class=\"wpcf7-form-control-wrap\" data-name=\"Ort\"><input size=\"20\" maxlength=\"40\" class=\"wpcf7-form-control wpcf7-text wpcf7-validates-as-required\" aria-required=\"true\" aria-invalid=\"false\" value=\"\" type=\"text\" name=\"Ort\" \/><\/span>\n<\/p>\n<p>Ihre E-Mail-Adresse*\n<\/p>\n<p><span class=\"wpcf7-form-control-wrap\" data-name=\"EMail\"><input size=\"20\" maxlength=\"40\" class=\"wpcf7-form-control wpcf7-email wpcf7-validates-as-required wpcf7-text wpcf7-validates-as-email\" aria-required=\"true\" aria-invalid=\"false\" value=\"\" type=\"email\" name=\"EMail\" \/><\/span>\n<\/p>\n<p>Ihre Telefonnummer\n<\/p>\n<p><span class=\"wpcf7-form-control-wrap\" data-name=\"Telefon\"><input class=\"wpcf7-form-control wpcf7-number wpcf7-validates-as-number\" aria-invalid=\"false\" value=\"\" type=\"number\" name=\"Telefon\" \/><\/span>\n<\/p>\n<p>Ihre Handynummer*\n<\/p>\n<p><span class=\"wpcf7-form-control-wrap\" data-name=\"Handy\"><input class=\"wpcf7-form-control wpcf7-number wpcf7-validates-as-number\" aria-invalid=\"false\" value=\"\" type=\"number\" name=\"Handy\" \/><\/span>\n<\/p>\n<p>Geburtstag* (JJJJ-MM-TT)\n<\/p>\n<p><span class=\"wpcf7-form-control-wrap\" data-name=\"Geburtstag\"><input class=\"wpcf7-form-control wpcf7-date wpcf7-validates-as-date\" aria-invalid=\"false\" value=\"\" type=\"date\" name=\"Geburtstag\" \/><\/span>\n<\/p>\n<p> Mitglied in Haupt- oder F\u00f6rderverein?*\n<\/p>\n<p><span class=\"wpcf7-form-control-wrap\" data-name=\"MitgliedHvFv\"><select class=\"wpcf7-form-control wpcf7-select wpcf7-validates-as-required\" id=\"mitglied\" aria-required=\"true\" aria-invalid=\"false\" name=\"MitgliedHvFv\"><option value=\"\">&#8211; Bitte ausw\u00e4hlen &#8211;<\/option><option value=\"Ja\">Ja<\/option><option value=\"Nein\">Nein<\/option><\/select><\/span>\n<\/p>\n<p>Unterwegs auf <span class=\"wpcf7-form-control-wrap\" data-name=\"Geraet\"><select class=\"wpcf7-form-control wpcf7-select wpcf7-validates-as-required\" aria-required=\"true\" aria-invalid=\"false\" name=\"Geraet\"><option value=\"\">&#8211; Bitte ausw\u00e4hlen &#8211;<\/option><option value=\"Ski\">Ski<\/option><option value=\"Snowboard\">Snowboard<\/option><option value=\"weder noch\">weder noch<\/option><\/select><\/span>, Kurstage bisher* <span class=\"wpcf7-form-control-wrap\" data-name=\"Kurstage\"><input size=\"20\" maxlength=\"40\" class=\"wpcf7-form-control wpcf7-text wpcf7-validates-as-required\" aria-required=\"true\" aria-invalid=\"false\" value=\"\" type=\"text\" name=\"Kurstage\" \/><\/span>\n<\/p>\n<p>Liftkarte von* <span class=\"wpcf7-form-control-wrap\" data-name=\"liftkarte_start_1\"><input class=\"wpcf7-form-control wpcf7-date wpcf7-validates-as-required wpcf7-validates-as-date\" id=\"liftkarte_start_1\" aria-required=\"true\" aria-invalid=\"false\" value=\"2026-01-02\" type=\"date\" name=\"liftkarte_start_1\" \/><\/span> bis* <span class=\"wpcf7-form-control-wrap\" data-name=\"liftkarte_end_1\"><input class=\"wpcf7-form-control wpcf7-date wpcf7-validates-as-date\" id=\"liftkarte_end_1\" aria-invalid=\"false\" value=\"2026-01-06\" type=\"date\" name=\"liftkarte_end_1\" \/><\/span>\n<\/p>\n<p>Bemerkung\n<\/p>\n<p><span class=\"wpcf7-form-control-wrap\" data-name=\"bemerkung\"><textarea cols=\"50\" rows=\"4\" maxlength=\"2000\" class=\"wpcf7-form-control wpcf7-textarea\" aria-invalid=\"false\" name=\"bemerkung\"><\/textarea><\/span>\n<\/p>\n<p> __________________________________________________________________\n<\/p>\n<p><b> Anmeldung 2.Person <\/b>\n<\/p>\n<p>Name, Vorname\n<\/p>\n<p><span class=\"wpcf7-form-control-wrap\" data-name=\"Name2\"><input size=\"20\" maxlength=\"40\" class=\"wpcf7-form-control wpcf7-text\" aria-invalid=\"false\" value=\"\" type=\"text\" name=\"Name2\" \/><\/span><span class=\"wpcf7-form-control-wrap\" data-name=\"Vorname2\"><input size=\"20\" maxlength=\"40\" class=\"wpcf7-form-control wpcf7-text\" aria-invalid=\"false\" value=\"\" type=\"text\" name=\"Vorname2\" \/><\/span>\n<\/p>\n<p>Geburtstag (JJJJ.MM.TT)\n<\/p>\n<p><span class=\"wpcf7-form-control-wrap\" data-name=\"Geburtstag2\"><input class=\"wpcf7-form-control wpcf7-date wpcf7-validates-as-date\" aria-invalid=\"false\" value=\"\" type=\"date\" name=\"Geburtstag2\" \/><\/span>\n<\/p>\n<p>Unterwegs auf <span class=\"wpcf7-form-control-wrap\" data-name=\"Geraet2\"><select class=\"wpcf7-form-control wpcf7-select\" aria-invalid=\"false\" name=\"Geraet2\"><option value=\"\">&#8211; Bitte ausw\u00e4hlen &#8211;<\/option><option value=\"Ski\">Ski<\/option><option value=\"Snowboard\">Snowboard<\/option><option value=\"weder noch\">weder noch<\/option><\/select><\/span>, Kurstage bisher <span class=\"wpcf7-form-control-wrap\" data-name=\"Kurstage2\"><input size=\"20\" maxlength=\"40\" class=\"wpcf7-form-control wpcf7-text\" aria-invalid=\"false\" value=\"\" type=\"text\" name=\"Kurstage2\" \/><\/span>\n<\/p>\n<p>Liftkarte von <span class=\"wpcf7-form-control-wrap\" data-name=\"liftkarte_start_2\"><input class=\"wpcf7-form-control wpcf7-date wpcf7-validates-as-date\" id=\"liftkarte_start_2\" aria-invalid=\"false\" value=\"2026-01-02\" type=\"date\" name=\"liftkarte_start_2\" \/><\/span> bis <span class=\"wpcf7-form-control-wrap\" data-name=\"liftkarte_end_2\"><input class=\"wpcf7-form-control wpcf7-date wpcf7-validates-as-date\" id=\"liftkarte_end_2\" aria-invalid=\"false\" value=\"2026-01-06\" type=\"date\" name=\"liftkarte_end_2\" \/><\/span>\n<\/p>\n<p>Bemerkung\n<\/p>\n<p><span class=\"wpcf7-form-control-wrap\" data-name=\"bemerkung2\"><textarea cols=\"50\" rows=\"4\" maxlength=\"2000\" class=\"wpcf7-form-control wpcf7-textarea\" aria-invalid=\"false\" name=\"bemerkung2\"><\/textarea><\/span>\n<\/p>\n<p> __________________________________________________________________\n<\/p>\n<p><b> Anmeldung 3.Person <\/b>\n<\/p>\n<p>Name, Vorname\n<\/p>\n<p><span class=\"wpcf7-form-control-wrap\" data-name=\"Name3\"><input size=\"20\" maxlength=\"40\" class=\"wpcf7-form-control wpcf7-text\" aria-invalid=\"false\" value=\"\" type=\"text\" name=\"Name3\" \/><\/span><span class=\"wpcf7-form-control-wrap\" data-name=\"Vorname3\"><input size=\"20\" maxlength=\"40\" class=\"wpcf7-form-control wpcf7-text\" aria-invalid=\"false\" value=\"\" type=\"text\" name=\"Vorname3\" \/><\/span>\n<\/p>\n<p>Geburtstag (JJJJ.MM.TT)\n<\/p>\n<p><span class=\"wpcf7-form-control-wrap\" data-name=\"Geburtstag3\"><input class=\"wpcf7-form-control wpcf7-date wpcf7-validates-as-date\" aria-invalid=\"false\" value=\"\" type=\"date\" name=\"Geburtstag3\" \/><\/span>\n<\/p>\n<p>Unterwegs auf <span class=\"wpcf7-form-control-wrap\" data-name=\"Geraet3\"><select class=\"wpcf7-form-control wpcf7-select\" aria-invalid=\"false\" name=\"Geraet3\"><option value=\"\">&#8211; Bitte ausw\u00e4hlen &#8211;<\/option><option value=\"Ski\">Ski<\/option><option value=\"Snowboard\">Snowboard<\/option><option value=\"weder noch\">weder noch<\/option><\/select><\/span>, Kurstage bisher <span class=\"wpcf7-form-control-wrap\" data-name=\"Kurstage3\"><input size=\"20\" maxlength=\"40\" class=\"wpcf7-form-control wpcf7-text\" aria-invalid=\"false\" value=\"\" type=\"text\" name=\"Kurstage3\" \/><\/span>\n<\/p>\n<p>Liftkarte von <span class=\"wpcf7-form-control-wrap\" data-name=\"liftkarte_start_3\"><input class=\"wpcf7-form-control wpcf7-date wpcf7-validates-as-date\" id=\"liftkarte_start_3\" aria-invalid=\"false\" value=\"2026-01-02\" type=\"date\" name=\"liftkarte_start_3\" \/><\/span> bis <span class=\"wpcf7-form-control-wrap\" data-name=\"liftkarte_end_3\"><input class=\"wpcf7-form-control wpcf7-date wpcf7-validates-as-date\" id=\"liftkarte_end_3\" aria-invalid=\"false\" value=\"2026-01-06\" type=\"date\" name=\"liftkarte_end_3\" \/><\/span>\n<\/p>\n<p>Bemerkung\n<\/p>\n<p><span class=\"wpcf7-form-control-wrap\" data-name=\"bemerkung3\"><textarea cols=\"50\" rows=\"4\" maxlength=\"2000\" class=\"wpcf7-form-control wpcf7-textarea\" aria-invalid=\"false\" name=\"bemerkung3\"><\/textarea><\/span>\n<\/p>\n<p> __________________________________________________________________\n<\/p>\n<p><b> Anmeldung 4.Person <\/b>\n<\/p>\n<p>Name, Vorname\n<\/p>\n<p><span class=\"wpcf7-form-control-wrap\" data-name=\"Name4\"><input size=\"20\" maxlength=\"40\" class=\"wpcf7-form-control wpcf7-text\" aria-invalid=\"false\" value=\"\" type=\"text\" name=\"Name4\" \/><\/span><span class=\"wpcf7-form-control-wrap\" data-name=\"Vorname4\"><input size=\"20\" maxlength=\"40\" class=\"wpcf7-form-control wpcf7-text\" aria-invalid=\"false\" value=\"\" type=\"text\" name=\"Vorname4\" \/><\/span>\n<\/p>\n<p>Geburtstag (JJJJ.MM.TT)\n<\/p>\n<p><span class=\"wpcf7-form-control-wrap\" data-name=\"Geburtstag4\"><input class=\"wpcf7-form-control wpcf7-date wpcf7-validates-as-date\" aria-invalid=\"false\" value=\"\" type=\"date\" name=\"Geburtstag4\" \/><\/span>\n<\/p>\n<p>Unterwegs auf <span class=\"wpcf7-form-control-wrap\" data-name=\"Geraet4\"><select class=\"wpcf7-form-control wpcf7-select\" aria-invalid=\"false\" name=\"Geraet4\"><option value=\"\">&#8211; Bitte ausw\u00e4hlen &#8211;<\/option><option value=\"Ski\">Ski<\/option><option value=\"Snowboard\">Snowboard<\/option><option value=\"weder noch\">weder noch<\/option><\/select><\/span>, Kurstage bisher <span class=\"wpcf7-form-control-wrap\" data-name=\"Kurstage4\"><input size=\"20\" maxlength=\"40\" class=\"wpcf7-form-control wpcf7-text\" aria-invalid=\"false\" value=\"\" type=\"text\" name=\"Kurstage4\" \/><\/span>\n<\/p>\n<p>Liftkarte von <span class=\"wpcf7-form-control-wrap\" data-name=\"liftkarte_start_4\"><input class=\"wpcf7-form-control wpcf7-date wpcf7-validates-as-date\" id=\"liftkarte_start_4\" aria-invalid=\"false\" value=\"2026-01-02\" type=\"date\" name=\"liftkarte_start_4\" \/><\/span> bis <span class=\"wpcf7-form-control-wrap\" data-name=\"liftkarte_end_4\"><input class=\"wpcf7-form-control wpcf7-date wpcf7-validates-as-date\" id=\"liftkarte_end_4\" aria-invalid=\"false\" value=\"2026-01-06\" type=\"date\" name=\"liftkarte_end_4\" \/><\/span>\n<\/p>\n<p>Bemerkung\n<\/p>\n<p><span class=\"wpcf7-form-control-wrap\" data-name=\"bemerkung4\"><textarea cols=\"50\" rows=\"4\" maxlength=\"2000\" class=\"wpcf7-form-control wpcf7-textarea\" aria-invalid=\"false\" name=\"bemerkung4\"><\/textarea><\/span>\n<\/p>\n<p> __________________________________________________________________\n<\/p>\n<p><b> Anmeldung 5.Person <\/b>\n<\/p>\n<p>Name, Vorname\n<\/p>\n<p><span class=\"wpcf7-form-control-wrap\" data-name=\"Name5\"><input size=\"20\" maxlength=\"40\" class=\"wpcf7-form-control wpcf7-text\" aria-invalid=\"false\" value=\"\" type=\"text\" name=\"Name5\" \/><\/span><span class=\"wpcf7-form-control-wrap\" data-name=\"Vorname5\"><input size=\"20\" maxlength=\"40\" class=\"wpcf7-form-control wpcf7-text\" aria-invalid=\"false\" value=\"\" type=\"text\" name=\"Vorname5\" \/><\/span>\n<\/p>\n<p>Geburtstag (JJJJ.MM.TT)\n<\/p>\n<p><span class=\"wpcf7-form-control-wrap\" data-name=\"Geburtstag5\"><input class=\"wpcf7-form-control wpcf7-date wpcf7-validates-as-date\" aria-invalid=\"false\" value=\"\" type=\"date\" name=\"Geburtstag5\" \/><\/span>\n<\/p>\n<p>Unterwegs auf <span class=\"wpcf7-form-control-wrap\" data-name=\"Geraet5\"><select class=\"wpcf7-form-control wpcf7-select\" aria-invalid=\"false\" name=\"Geraet5\"><option value=\"\">&#8211; Bitte ausw\u00e4hlen &#8211;<\/option><option value=\"Ski\">Ski<\/option><option value=\"Snowboard\">Snowboard<\/option><option value=\"weder noch\">weder noch<\/option><\/select><\/span>, Kurstage bisher <span class=\"wpcf7-form-control-wrap\" data-name=\"Kurstage5\"><input size=\"20\" maxlength=\"40\" class=\"wpcf7-form-control wpcf7-text\" aria-invalid=\"false\" value=\"\" type=\"text\" name=\"Kurstage5\" \/><\/span>\n<\/p>\n<p>Liftkarte von <span class=\"wpcf7-form-control-wrap\" data-name=\"liftkarte_start_5\"><input class=\"wpcf7-form-control wpcf7-date wpcf7-validates-as-date\" id=\"liftkarte_start_5\" aria-invalid=\"false\" value=\"2026-01-02\" type=\"date\" name=\"liftkarte_start_5\" \/><\/span> bis <span class=\"wpcf7-form-control-wrap\" data-name=\"liftkarte_end_5\"><input class=\"wpcf7-form-control wpcf7-date wpcf7-validates-as-date\" id=\"liftkarte_end_5\" aria-invalid=\"false\" value=\"2026-01-06\" type=\"date\" name=\"liftkarte_end_5\" \/><\/span>\n<\/p>\n<p>Bemerkung\n<\/p>\n<p><span class=\"wpcf7-form-control-wrap\" data-name=\"bemerkung5\"><textarea cols=\"50\" rows=\"4\" maxlength=\"2000\" class=\"wpcf7-form-control wpcf7-textarea\" aria-invalid=\"false\" name=\"bemerkung5\"><\/textarea><\/span>\n<\/p>\n<p> __________________________________________________________________\n<\/p>\n<p><b> Anmeldung 6.Person <\/b>\n<\/p>\n<p>Name, Vorname\n<\/p>\n<p><span class=\"wpcf7-form-control-wrap\" data-name=\"Name6\"><input size=\"20\" maxlength=\"40\" class=\"wpcf7-form-control wpcf7-text\" aria-invalid=\"false\" value=\"\" type=\"text\" name=\"Name6\" \/><\/span><span class=\"wpcf7-form-control-wrap\" data-name=\"Vorname6\"><input size=\"20\" maxlength=\"40\" class=\"wpcf7-form-control wpcf7-text\" aria-invalid=\"false\" value=\"\" type=\"text\" name=\"Vorname6\" \/><\/span>\n<\/p>\n<p>Geburtstag (JJJJ.MM.TT)\n<\/p>\n<p><span class=\"wpcf7-form-control-wrap\" data-name=\"Geburtstag6\"><input class=\"wpcf7-form-control wpcf7-date wpcf7-validates-as-date\" aria-invalid=\"false\" value=\"\" type=\"date\" name=\"Geburtstag6\" \/><\/span>\n<\/p>\n<p>Unterwegs auf <span class=\"wpcf7-form-control-wrap\" data-name=\"Geraet6\"><select class=\"wpcf7-form-control wpcf7-select\" aria-invalid=\"false\" name=\"Geraet6\"><option value=\"\">&#8211; Bitte ausw\u00e4hlen &#8211;<\/option><option value=\"Ski\">Ski<\/option><option value=\"Snowboard\">Snowboard<\/option><option value=\"weder noch\">weder noch<\/option><\/select><\/span>, Kurstage bisher <span class=\"wpcf7-form-control-wrap\" data-name=\"Kurstage6\"><input size=\"20\" maxlength=\"40\" class=\"wpcf7-form-control wpcf7-text\" aria-invalid=\"false\" value=\"\" type=\"text\" name=\"Kurstage6\" \/><\/span>\n<\/p>\n<p>Liftkarte von <span class=\"wpcf7-form-control-wrap\" data-name=\"liftkarte_start_6\"><input class=\"wpcf7-form-control wpcf7-date wpcf7-validates-as-date\" id=\"liftkarte_start_6\" aria-invalid=\"false\" value=\"2026-01-02\" type=\"date\" name=\"liftkarte_start_6\" \/><\/span> bis <span class=\"wpcf7-form-control-wrap\" data-name=\"liftkarte_end_6\"><input class=\"wpcf7-form-control wpcf7-date wpcf7-validates-as-date\" id=\"liftkarte_end_6\" aria-invalid=\"false\" value=\"2026-01-06\" type=\"date\" name=\"liftkarte_end_6\" \/><\/span>\n<\/p>\n<p>Bemerkung\n<\/p>\n<p><span class=\"wpcf7-form-control-wrap\" data-name=\"bemerkung6\"><textarea cols=\"50\" rows=\"4\" maxlength=\"2000\" class=\"wpcf7-form-control wpcf7-textarea\" aria-invalid=\"false\" name=\"bemerkung6\"><\/textarea><\/span>\n<\/p>\n<p> __________________________________________________________________\n<\/p>\n<p>Ich kann eine Mitfahrgelegenheit anbieten f\u00fcr* <span class=\"wpcf7-form-control-wrap\" data-name=\"Plaetzefrei\"><select class=\"wpcf7-form-control wpcf7-select wpcf7-validates-as-required\" aria-required=\"true\" aria-invalid=\"false\" name=\"Plaetzefrei\"><option value=\"\">&#8211; Bitte ausw\u00e4hlen &#8211;<\/option><option value=\"0\">0<\/option><option value=\"1\">1<\/option><option value=\"2\">2<\/option><option value=\"3\">3<\/option><option value=\"4\">4<\/option><option value=\"5\">5<\/option><option value=\"6\">6<\/option><\/select><\/span>\n<\/p>\n<p>Ich ben\u00f6tige eine Mitfahrgelegenheit f\u00fcr* <span class=\"wpcf7-form-control-wrap\" data-name=\"Plaetzenoetig\"><select class=\"wpcf7-form-control wpcf7-select wpcf7-validates-as-required\" aria-required=\"true\" aria-invalid=\"false\" name=\"Plaetzenoetig\"><option value=\"\">&#8211; Bitte ausw\u00e4hlen &#8211;<\/option><option value=\"0\">0<\/option><option value=\"1\">1<\/option><option value=\"2\">2<\/option><option value=\"3\">3<\/option><option value=\"4\">4<\/option><option value=\"5\">5<\/option><option value=\"6\">6<\/option><\/select><\/span>\n<\/p>\n<p> __________________________________________________________________\n<\/p>\n<p><span class=\"wpcf7-form-control-wrap\" data-name=\"haftungsausschuss\"><span class=\"wpcf7-form-control wpcf7-acceptance\"><span class=\"wpcf7-list-item\"><label><input type=\"checkbox\" name=\"haftungsausschuss\" value=\"1\" aria-invalid=\"false\" \/><span class=\"wpcf7-list-item-label\">Ich akzeptiere den Haftungsausschluss<\/span><\/label><\/span><\/span><\/span>\n<\/p>\n<p><span class=\"wpcf7-form-control-wrap\" data-name=\"DSGVO\"><span class=\"wpcf7-form-control wpcf7-acceptance\"><span class=\"wpcf7-list-item\"><label><input type=\"checkbox\" name=\"DSGVO\" value=\"1\" aria-invalid=\"false\" \/><span class=\"wpcf7-list-item-label\">Mit der Verarbeitung (Speicherung, \u00dcbermittlung, Verarbeitung und der L\u00f6schung) meines personenbezogenen Daten-\/Bildmaterials f\u00fcr Vereinszwecke nach den rechtlichen Datenschutzbestimmungen bin ich einverstanden. Mir ist bekannt, dass ich diese Einwilligung jederzeit widerrufen kann.<\/span><\/label><\/span><\/span><\/span>\n<\/p>\n<p>(Senden nur m\u00f6glich falls Kontrollk\u00e4stchen Haftungsausschuss und Datenschutz gesetzt!)\n<\/p>\n<p><input class=\"wpcf7-form-control wpcf7-submit has-spinner\" type=\"submit\" value=\"Senden\" \/>\n<\/p><p style=\"display: none !important;\" class=\"akismet-fields-container\" data-prefix=\"_wpcf7_ak_\"><label>&#916;<textarea name=\"_wpcf7_ak_hp_textarea\" cols=\"45\" rows=\"8\" maxlength=\"100\"><\/textarea><\/label><input type=\"hidden\" id=\"ak_js_1\" name=\"_wpcf7_ak_js\" value=\"101\"\/><script>document.getElementById( \"ak_js_1\" ).setAttribute( \"value\", ( new Date() ).getTime() );<\/script><\/p><div class=\"wpcf7-response-output\" aria-hidden=\"true\"><\/div>\n<\/form>\n<\/div>\n\n<p><a href=\"https:\/\/naturfreunde-stockach.de\/index.php\/datenschutz\/\">Datenschutz<\/a><\/p>\n<\/div>\n<\/div>\n<\/div>\n<h5><a href=\"https:\/\/naturfreunde-stockach.de\/index.php\/haftungsausschluss\/\" target=\"_blank\" rel=\"noopener noreferrer\">Haftungsausschluss<\/a><\/h5>\n\n\n<hr class=\"wp-block-separator has-alpha-channel-opacity\"\/>\n\n\n\n<hr class=\"wp-block-separator has-alpha-channel-opacity is-style-wide\"\/>\n\n\n\n<p><\/p>\n","protected":false},"excerpt":{"rendered":"<p>Unsere Skifreizeit in Sterzing ist leider ausgebucht, weitere Anmeldungen nur noch \u00fcber die Warteliste! Datenschutz Haftungsausschluss<\/p>\n","protected":false},"author":1,"featured_media":0,"parent":92,"menu_order":0,"comment_status":"closed","ping_status":"closed","template":"","meta":{"footnotes":""},"class_list":["post-241","page","type-page","status-publish","hentry"],"_links":{"self":[{"href":"https:\/\/naturfreunde-stockach.de\/index.php\/wp-json\/wp\/v2\/pages\/241","targetHints":{"allow":["GET"]}}],"collection":[{"href":"https:\/\/naturfreunde-stockach.de\/index.php\/wp-json\/wp\/v2\/pages"}],"about":[{"href":"https:\/\/naturfreunde-stockach.de\/index.php\/wp-json\/wp\/v2\/types\/page"}],"author":[{"embeddable":true,"href":"https:\/\/naturfreunde-stockach.de\/index.php\/wp-json\/wp\/v2\/users\/1"}],"replies":[{"embeddable":true,"href":"https:\/\/naturfreunde-stockach.de\/index.php\/wp-json\/wp\/v2\/comments?post=241"}],"version-history":[{"count":34,"href":"https:\/\/naturfreunde-stockach.de\/index.php\/wp-json\/wp\/v2\/pages\/241\/revisions"}],"predecessor-version":[{"id":2606,"href":"https:\/\/naturfreunde-stockach.de\/index.php\/wp-json\/wp\/v2\/pages\/241\/revisions\/2606"}],"up":[{"embeddable":true,"href":"https:\/\/naturfreunde-stockach.de\/index.php\/wp-json\/wp\/v2\/pages\/92"}],"wp:attachment":[{"href":"https:\/\/naturfreunde-stockach.de\/index.php\/wp-json\/wp\/v2\/media?parent=241"}],"curies":[{"name":"wp","href":"https:\/\/api.w.org\/{rel}","templated":true}]}}