{"id":325,"date":"2016-01-10T17:01:23","date_gmt":"2016-01-10T16:01:23","guid":{"rendered":"http:\/\/naturfreunde-stockach.de\/?page_id=325"},"modified":"2023-11-24T11:46:39","modified_gmt":"2023-11-24T10:46:39","slug":"mitglied-werden","status":"publish","type":"page","link":"https:\/\/naturfreunde-stockach.de\/index.php\/beispiel-seite\/mitglied-werden\/","title":{"rendered":"Mitglied werden"},"content":{"rendered":"<p>Willst du Mitglied beim Haupt- oder F\u00f6rderverein werden? Dann lade doch bitte die Beitrittserkl\u00e4rung (siehe unten) runter. Diese k\u00f6nnen ihr dann ausgef\u00fcllt und unterschrieben entweder schriftlich oder per Email an unseren Vorstand schicken.<\/p>\n<p>Naturfreunde Stockach e.V. Schneeschule Stockach<\/p>\n<p><a href=\"https:\/\/naturfreunde-stockach.de\/wp-content\/uploads\/2018\/10\/Aufnahmeantragsformular_Naturfreunde-Stockach.pdf\" target=\"_blank\" rel=\"noopener\">Hauptverein_Aufnahmerkl\u00e4rung<\/a><\/p>\n<p>F\u00f6rderverein der Naturfreunde Stockach e.V.<\/p>\n<p><a href=\"https:\/\/naturfreunde-stockach.de\/wp-content\/uploads\/2018\/10\/Aufnahmeantragsformular_Fo\u0308rderverein.pdf\" target=\"_blank\" rel=\"noopener\">Fo\u0308rderverein_Aufnahmeerkl\u00e4rung<\/a><\/p>\n\n\n<p><strong>Mitgliedsbeitr\u00e4ge<\/strong><\/p>\n\n\n\n<table id=\"tablepress-8\" class=\"tablepress tablepress-id-8\">\n<thead>\n<tr class=\"row-1 odd\">\n\t<th class=\"column-1\">F\u00f6rderverein der Naturfreunde Stockach e.V.<\/th><th class=\"column-2\"><\/th>\n<\/tr>\n<\/thead>\n<tbody class=\"row-hover\">\n<tr class=\"row-2 even\">\n\t<td class=\"column-1\">Jahresbeitrag pro Erwachsener<\/td><td class=\"column-2\">28 \u20ac<\/td>\n<\/tr>\n<tr class=\"row-3 odd\">\n\t<td class=\"column-1\">Jahresbeitrag pro Ehepartner<\/td><td class=\"column-2\">14 \u20ac<\/td>\n<\/tr>\n<tr class=\"row-4 even\">\n\t<td class=\"column-1\">Jahresbeitrag f\u00fcr Kinder, Jugendliche bis 20 Jahre<\/td><td class=\"column-2\">14 \u20ac<\/td>\n<\/tr>\n<tr class=\"row-5 odd\">\n\t<td class=\"column-1\">Familienmitgliedschaft<\/td><td class=\"column-2\">42<\/td>\n<\/tr>\n<\/tbody>\n<\/table>\n<!-- #tablepress-8 from cache -->\n\n\n<table id=\"tablepress-9\" class=\"tablepress tablepress-id-9\">\n<thead>\n<tr class=\"row-1 odd\">\n\t<th class=\"column-1\">Naturfreunde Stockach e.V.<\/th><th class=\"column-2\"><\/th>\n<\/tr>\n<\/thead>\n<tbody class=\"row-hover\">\n<tr class=\"row-2 even\">\n\t<td class=\"column-1\">Jahresbeitrag pro Erwachsener<\/td><td class=\"column-2\">48 \u20ac<\/td>\n<\/tr>\n<tr class=\"row-3 odd\">\n\t<td class=\"column-1\">Jahresbeitrag pro Ehepartner<\/td><td class=\"column-2\">22 \u20ac<\/td>\n<\/tr>\n<tr class=\"row-4 even\">\n\t<td class=\"column-1\">Jahresbeitrag f\u00fcr Kinder, Jugendliche bis 20 Jahre<\/td><td class=\"column-2\">24 \u20ac<\/td>\n<\/tr>\n<tr class=\"row-5 odd\">\n\t<td class=\"column-1\">Familienmitgliedschaft<\/td><td class=\"column-2\">70 \u20ac<\/td>\n<\/tr>\n<\/tbody>\n<\/table>\n<!-- #tablepress-9 from cache -->","protected":false},"excerpt":{"rendered":"<p>Willst du Mitglied beim Haupt- oder F\u00f6rderverein werden? Dann lade doch bitte die Beitrittserkl\u00e4rung (siehe unten) runter. Diese k\u00f6nnen ihr[&#8230;]<\/p>\n","protected":false},"author":1,"featured_media":0,"parent":2,"menu_order":0,"comment_status":"closed","ping_status":"closed","template":"","meta":{"footnotes":""},"class_list":["post-325","page","type-page","status-publish","hentry"],"_links":{"self":[{"href":"https:\/\/naturfreunde-stockach.de\/index.php\/wp-json\/wp\/v2\/pages\/325","targetHints":{"allow":["GET"]}}],"collection":[{"href":"https:\/\/naturfreunde-stockach.de\/index.php\/wp-json\/wp\/v2\/pages"}],"about":[{"href":"https:\/\/naturfreunde-stockach.de\/index.php\/wp-json\/wp\/v2\/types\/page"}],"author":[{"embeddable":true,"href":"https:\/\/naturfreunde-stockach.de\/index.php\/wp-json\/wp\/v2\/users\/1"}],"replies":[{"embeddable":true,"href":"https:\/\/naturfreunde-stockach.de\/index.php\/wp-json\/wp\/v2\/comments?post=325"}],"version-history":[{"count":9,"href":"https:\/\/naturfreunde-stockach.de\/index.php\/wp-json\/wp\/v2\/pages\/325\/revisions"}],"predecessor-version":[{"id":2412,"href":"https:\/\/naturfreunde-stockach.de\/index.php\/wp-json\/wp\/v2\/pages\/325\/revisions\/2412"}],"up":[{"embeddable":true,"href":"https:\/\/naturfreunde-stockach.de\/index.php\/wp-json\/wp\/v2\/pages\/2"}],"wp:attachment":[{"href":"https:\/\/naturfreunde-stockach.de\/index.php\/wp-json\/wp\/v2\/media?parent=325"}],"curies":[{"name":"wp","href":"https:\/\/api.w.org\/{rel}","templated":true}]}}