{"id":53,"date":"2015-06-29T15:05:31","date_gmt":"2015-06-29T13:05:31","guid":{"rendered":"http:\/\/www.naturfreunde-stockach.de\/?page_id=53"},"modified":"2023-11-24T11:33:58","modified_gmt":"2023-11-24T10:33:58","slug":"foerderverein","status":"publish","type":"page","link":"https:\/\/naturfreunde-stockach.de\/index.php\/foerderverein\/","title":{"rendered":"F\u00f6rderverein"},"content":{"rendered":"<p class=\"paragraph_style_3\" style=\"text-align: justify;\">Mit dem F\u00f6rderverein wird die Ortsgruppe der Naturfreunde Stockach e.V. direkt unterst\u00fctzt. Um eine nachhaltige Arbeit im Verein leisten zu k\u00f6nnen ist es wichtig Jugendliche f\u00fcr den Verein zu interessieren, an die ehrenamtliche Arbeit heranzuf\u00fchren und davon zu begeistern. Die Mitgliedsbeitr\u00e4ge des F\u00f6rdervereins flie\u00dfen daher direkt in die Ortsgruppe Stockach und werden hier f\u00fcr die Ausbildung des Ski- und Snow- boardlehrernachwuchses verwendet.<span class=\"style_2\"><br \/>\n<\/span><\/p>\n<p class=\"paragraph_style_3\" style=\"text-align: justify;\">Mitglieder des F\u00f6rdervereins erhalten die gleichen Verg\u00fcnstigungen wie auch die Mitglieder der Naturfreunde Ortsgruppe Stockach e.V..<br \/>\nWir freuen uns nat\u00fcrlich immer \u00fcber neue Mitglieder!<br \/>\nWenn Sie unsere Sache unterst\u00fctzen m\u00f6chten, k\u00f6nnen Sie sich entweder direkt mit dem Formular in diesem Programmheft anmelden oder online \u00fcber <a title=\"http:\/\/www.naturfreunde-stockach.de\" href=\"http:\/\/www.naturfreunde-stockach.de\">www.naturfreunde-stockach.de<\/a> unter dem Link F\u00f6rderverein<span class=\"style_2\"><br \/>\n<\/span><\/p>\n<p class=\"paragraph_style_3\" style=\"text-align: justify;\">Wir w\u00fcnschen der Naturfreunde Ortsgruppe Stockach e.V. weiterhin viel Erfolg bei ihrer Arbeit und freuen uns darauf sie weiter unterst\u00fctzen zu k\u00f6nnen!<span class=\"style_2\"><br \/>\n<\/span><\/p>\n<div id=\"id8\" class=\"style_SkipStroke_6 shape-with-text\">\n<div class=\"text-content style_External_285_457\">\n<div class=\"style_3\">\n<p class=\"paragraph_style_6\"><strong><span class=\"style_4\">1.Vorstand<\/span>\u00a0\u00a0\u00a0\u00a0\u00a0\u00a0<\/strong><br \/>\nRainer Seige<\/p>\n<p class=\"paragraph_style_5\"><strong><span class=\"style_4\">Schriftf\u00fchrerin<\/span><\/strong><\/p>\n<p class=\"paragraph_style_6\">Jasmin Wegmann<\/p>\n<p class=\"paragraph_style_6\"><strong><span class=\"style_4\">Beisitzer<br \/>\n<\/span><\/strong>Leo Hartmann<br \/>\nleo.hartmann(at)naturfreunde-stockach.de<\/p>\n<\/div>\n<\/div>\n<\/div>\n<div id=\"id9\" class=\"style_SkipStroke_6 shape-with-text\">\n<div class=\"text-content style_External_276_437\">\n<div class=\"style_3\">\n<p class=\"paragraph_style_10\"><strong><span class=\"style_4\">2. Vorstand<br \/>\n<\/span><\/strong>Bernd Schuler<br \/>\nbernd.schuler(at)naturfreunde-stockach.de<\/p>\n<p class=\"paragraph_style_6\"><span class=\"style_4\"><strong>Kassiererin<br \/>\n<\/strong>Tabea Gohl<br \/>\ntabea.gohl(at)naturfreunde-stockach.de<br \/>\n<\/span><\/p>\n<p class=\"paragraph_style_11\"><strong>Beisitzerin<\/strong><\/p>\n<p class=\"paragraph_style_6\">Astrid Schacher<br \/>\nastrid.schacher(at)naturfreunde-stockach.de<\/p>\n<\/div>\n<\/div>\n<\/div>\n","protected":false},"excerpt":{"rendered":"<p>Mit dem F\u00f6rderverein wird die Ortsgruppe der Naturfreunde Stockach e.V. direkt unterst\u00fctzt. Um eine nachhaltige Arbeit im Verein leisten zu[&#8230;]<\/p>\n","protected":false},"author":1,"featured_media":0,"parent":0,"menu_order":0,"comment_status":"closed","ping_status":"closed","template":"","meta":{"footnotes":""},"class_list":["post-53","page","type-page","status-publish","hentry"],"_links":{"self":[{"href":"https:\/\/naturfreunde-stockach.de\/index.php\/wp-json\/wp\/v2\/pages\/53","targetHints":{"allow":["GET"]}}],"collection":[{"href":"https:\/\/naturfreunde-stockach.de\/index.php\/wp-json\/wp\/v2\/pages"}],"about":[{"href":"https:\/\/naturfreunde-stockach.de\/index.php\/wp-json\/wp\/v2\/types\/page"}],"author":[{"embeddable":true,"href":"https:\/\/naturfreunde-stockach.de\/index.php\/wp-json\/wp\/v2\/users\/1"}],"replies":[{"embeddable":true,"href":"https:\/\/naturfreunde-stockach.de\/index.php\/wp-json\/wp\/v2\/comments?post=53"}],"version-history":[{"count":7,"href":"https:\/\/naturfreunde-stockach.de\/index.php\/wp-json\/wp\/v2\/pages\/53\/revisions"}],"predecessor-version":[{"id":1693,"href":"https:\/\/naturfreunde-stockach.de\/index.php\/wp-json\/wp\/v2\/pages\/53\/revisions\/1693"}],"wp:attachment":[{"href":"https:\/\/naturfreunde-stockach.de\/index.php\/wp-json\/wp\/v2\/media?parent=53"}],"curies":[{"name":"wp","href":"https:\/\/api.w.org\/{rel}","templated":true}]}}